{"id":5981,"date":"2026-02-20T11:54:48","date_gmt":"2026-02-20T10:54:48","guid":{"rendered":"https:\/\/milthys.fr\/?post_type=product&#038;p=5981"},"modified":"2026-03-19T15:36:36","modified_gmt":"2026-03-19T14:36:36","slug":"grillo-tour-du-valat","status":"publish","type":"product","link":"https:\/\/milthys.fr\/en\/product\/grillo-tour-du-valat\/","title":{"rendered":"Grillo &#8211; Tour du Valat"},"content":{"rendered":"<p><span class=\"Apple-converted-space\">\u00a0<\/span>Il s\u2019accorde parfaitement avec poissons grill\u00e9s, fruits de mer ou salades estivales.<\/p>\n<p>C\u00f4t\u00e9 fromage, privil\u00e9gie un ch\u00e8vre frais ou une mozzarella pour garder sa belle vivacit\u00e9.<\/p>","protected":false},"excerpt":{"rendered":"<p><span class=\"Apple-converted-space\">\u00a0<\/span>Vin blanc \u00e9labor\u00e9 \u00e0 base de c\u00e9page Grillo, vin min\u00e9ral, rond avec des notes de fruits et de fleurs, vin aromatique avec un l\u00e9g\u00e8re complexit\u00e9. <span class=\"Apple-converted-space\">\u00a0<\/span><\/p>","protected":false},"featured_media":6007,"comment_status":"open","ping_status":"closed","template":"","meta":[],"product_brand":[],"product_cat":[24,32,106,88,133,93],"product_tag":[],"class_list":{"0":"post-5981","1":"product","2":"type-product","3":"status-publish","4":"has-post-thumbnail","6":"product_cat-24","7":"product_cat-blanc","8":"product_cat-expressif","9":"product_cat-fruite","10":"product_cat-languedoc-roussillon","11":"product_cat-mineral","13":"first","14":"instock","15":"taxable","16":"shipping-taxable","17":"purchasable","18":"product-type-simple"},"yoast_head":"<!-- This site is optimized with the Yoast SEO plugin v26.4 - https:\/\/yoast.com\/wordpress\/plugins\/seo\/ -->\n<title>Grillo - Tour du Valat - Milthys - Vente de vin en ligne<\/title>\n<meta name=\"description\" content=\"Acheter du Grillo - Tour du Valat | Bouteille de vin en vente sur Milthys.fr | Livraison en France et en UE\" \/>\n<meta name=\"robots\" content=\"index, follow, max-snippet:-1, max-image-preview:large, max-video-preview:-1\" \/>\n<link rel=\"canonical\" href=\"https:\/\/milthys.fr\/en\/product\/grillo-tour-du-valat\/\" \/>\n<meta property=\"og:locale\" content=\"en_GB\" \/>\n<meta property=\"og:type\" content=\"article\" \/>\n<meta property=\"og:title\" content=\"Grillo - Tour du Valat - Milthys - Vente de vin en ligne\" \/>\n<meta property=\"og:description\" content=\"Acheter du Grillo - Tour du Valat | Bouteille de vin en vente sur Milthys.fr | Livraison en France et en UE\" \/>\n<meta property=\"og:url\" content=\"https:\/\/milthys.fr\/en\/product\/grillo-tour-du-valat\/\" \/>\n<meta property=\"og:site_name\" content=\"Milthys\" \/>\n<meta property=\"article:modified_time\" content=\"2026-03-19T14:36:36+00:00\" \/>\n<meta property=\"og:image\" content=\"https:\/\/milthys.fr\/wp-content\/uploads\/2026\/02\/Capture_d_ecran_2026-03-19_a_15.33.54-removebg-preview.png\" \/>\n\t<meta property=\"og:image:width\" content=\"482\" \/>\n\t<meta property=\"og:image:height\" content=\"518\" \/>\n\t<meta property=\"og:image:type\" content=\"image\/png\" \/>\n<meta name=\"twitter:card\" content=\"summary_large_image\" \/>\n<meta name=\"twitter:label1\" content=\"Estimated reading time\" \/>\n\t<meta name=\"twitter:data1\" content=\"1 minute\" \/>\n<script type=\"application\/ld+json\" class=\"yoast-schema-graph\">{\"@context\":\"https:\/\/schema.org\",\"@graph\":[{\"@type\":\"WebPage\",\"@id\":\"https:\/\/milthys.fr\/produit\/grillo-tour-du-valat\/\",\"url\":\"https:\/\/milthys.fr\/produit\/grillo-tour-du-valat\/\",\"name\":\"Grillo - Tour du Valat - Milthys - Vente de vin en ligne\",\"isPartOf\":{\"@id\":\"https:\/\/milthys.fr\/#website\"},\"primaryImageOfPage\":{\"@id\":\"https:\/\/milthys.fr\/produit\/grillo-tour-du-valat\/#primaryimage\"},\"image\":{\"@id\":\"https:\/\/milthys.fr\/produit\/grillo-tour-du-valat\/#primaryimage\"},\"thumbnailUrl\":\"https:\/\/milthys.fr\/wp-content\/uploads\/2026\/02\/Capture_d_ecran_2026-03-19_a_15.33.54-removebg-preview.png\",\"datePublished\":\"2026-02-20T10:54:48+00:00\",\"dateModified\":\"2026-03-19T14:36:36+00:00\",\"description\":\"Acheter du Grillo - Tour du Valat | Bouteille de vin en vente sur Milthys.fr | Livraison en France et en UE\",\"breadcrumb\":{\"@id\":\"https:\/\/milthys.fr\/produit\/grillo-tour-du-valat\/#breadcrumb\"},\"inLanguage\":\"en-GB\",\"potentialAction\":[{\"@type\":\"ReadAction\",\"target\":[\"https:\/\/milthys.fr\/produit\/grillo-tour-du-valat\/\"]}]},{\"@type\":\"ImageObject\",\"inLanguage\":\"en-GB\",\"@id\":\"https:\/\/milthys.fr\/produit\/grillo-tour-du-valat\/#primaryimage\",\"url\":\"https:\/\/milthys.fr\/wp-content\/uploads\/2026\/02\/Capture_d_ecran_2026-03-19_a_15.33.54-removebg-preview.png\",\"contentUrl\":\"https:\/\/milthys.fr\/wp-content\/uploads\/2026\/02\/Capture_d_ecran_2026-03-19_a_15.33.54-removebg-preview.png\",\"width\":482,\"height\":518},{\"@type\":\"BreadcrumbList\",\"@id\":\"https:\/\/milthys.fr\/produit\/grillo-tour-du-valat\/#breadcrumb\",\"itemListElement\":[{\"@type\":\"ListItem\",\"position\":1,\"name\":\"Accueil\",\"item\":\"https:\/\/milthys.fr\/\"},{\"@type\":\"ListItem\",\"position\":2,\"name\":\"Boutique\",\"item\":\"https:\/\/milthys.fr\/boutique\/\"},{\"@type\":\"ListItem\",\"position\":3,\"name\":\"Grillo &#8211; Tour du Valat\"}]},{\"@type\":\"WebSite\",\"@id\":\"https:\/\/milthys.fr\/#website\",\"url\":\"https:\/\/milthys.fr\/\",\"name\":\"Milthys\",\"description\":\"Vente de vin en ligne\",\"publisher\":{\"@id\":\"https:\/\/milthys.fr\/#organization\"},\"alternateName\":\"Milthys\",\"potentialAction\":[{\"@type\":\"SearchAction\",\"target\":{\"@type\":\"EntryPoint\",\"urlTemplate\":\"https:\/\/milthys.fr\/?s={search_term_string}\"},\"query-input\":{\"@type\":\"PropertyValueSpecification\",\"valueRequired\":true,\"valueName\":\"search_term_string\"}}],\"inLanguage\":\"en-GB\"},{\"@type\":\"Organization\",\"@id\":\"https:\/\/milthys.fr\/#organization\",\"name\":\"Milthys\",\"alternateName\":\"Milthys\",\"url\":\"https:\/\/milthys.fr\/\",\"logo\":{\"@type\":\"ImageObject\",\"inLanguage\":\"en-GB\",\"@id\":\"https:\/\/milthys.fr\/#\/schema\/logo\/image\/\",\"url\":\"https:\/\/milthys.fr\/wp-content\/uploads\/2025\/07\/cropped-LOGO_MILTHYS_.png\",\"contentUrl\":\"https:\/\/milthys.fr\/wp-content\/uploads\/2025\/07\/cropped-LOGO_MILTHYS_.png\",\"width\":450,\"height\":150,\"caption\":\"Milthys\"},\"image\":{\"@id\":\"https:\/\/milthys.fr\/#\/schema\/logo\/image\/\"}}]}<\/script>\n<!-- \/ Yoast SEO plugin. -->","yoast_head_json":{"title":"Grillo - Tour du Valat - Milthys - Vente de vin en ligne","description":"Acheter du Grillo - Tour du Valat | Bouteille de vin en vente sur Milthys.fr | Livraison en France et en UE","robots":{"index":"index","follow":"follow","max-snippet":"max-snippet:-1","max-image-preview":"max-image-preview:large","max-video-preview":"max-video-preview:-1"},"canonical":"https:\/\/milthys.fr\/en\/product\/grillo-tour-du-valat\/","og_locale":"en_GB","og_type":"article","og_title":"Grillo - Tour du Valat - Milthys - Vente de vin en ligne","og_description":"Acheter du Grillo - Tour du Valat | Bouteille de vin en vente sur Milthys.fr | Livraison en France et en UE","og_url":"https:\/\/milthys.fr\/en\/product\/grillo-tour-du-valat\/","og_site_name":"Milthys","article_modified_time":"2026-03-19T14:36:36+00:00","og_image":[{"width":482,"height":518,"url":"https:\/\/milthys.fr\/wp-content\/uploads\/2026\/02\/Capture_d_ecran_2026-03-19_a_15.33.54-removebg-preview.png","type":"image\/png"}],"twitter_card":"summary_large_image","twitter_misc":{"Estimated reading time":"1 minute"},"schema":{"@context":"https:\/\/schema.org","@graph":[{"@type":"WebPage","@id":"https:\/\/milthys.fr\/produit\/grillo-tour-du-valat\/","url":"https:\/\/milthys.fr\/produit\/grillo-tour-du-valat\/","name":"Grillo - Tour du Valat - Milthys - Vente de vin en ligne","isPartOf":{"@id":"https:\/\/milthys.fr\/#website"},"primaryImageOfPage":{"@id":"https:\/\/milthys.fr\/produit\/grillo-tour-du-valat\/#primaryimage"},"image":{"@id":"https:\/\/milthys.fr\/produit\/grillo-tour-du-valat\/#primaryimage"},"thumbnailUrl":"https:\/\/milthys.fr\/wp-content\/uploads\/2026\/02\/Capture_d_ecran_2026-03-19_a_15.33.54-removebg-preview.png","datePublished":"2026-02-20T10:54:48+00:00","dateModified":"2026-03-19T14:36:36+00:00","description":"Acheter du Grillo - Tour du Valat | Bouteille de vin en vente sur Milthys.fr | Livraison en France et en UE","breadcrumb":{"@id":"https:\/\/milthys.fr\/produit\/grillo-tour-du-valat\/#breadcrumb"},"inLanguage":"en-GB","potentialAction":[{"@type":"ReadAction","target":["https:\/\/milthys.fr\/produit\/grillo-tour-du-valat\/"]}]},{"@type":"ImageObject","inLanguage":"en-GB","@id":"https:\/\/milthys.fr\/produit\/grillo-tour-du-valat\/#primaryimage","url":"https:\/\/milthys.fr\/wp-content\/uploads\/2026\/02\/Capture_d_ecran_2026-03-19_a_15.33.54-removebg-preview.png","contentUrl":"https:\/\/milthys.fr\/wp-content\/uploads\/2026\/02\/Capture_d_ecran_2026-03-19_a_15.33.54-removebg-preview.png","width":482,"height":518},{"@type":"BreadcrumbList","@id":"https:\/\/milthys.fr\/produit\/grillo-tour-du-valat\/#breadcrumb","itemListElement":[{"@type":"ListItem","position":1,"name":"Accueil","item":"https:\/\/milthys.fr\/"},{"@type":"ListItem","position":2,"name":"Boutique","item":"https:\/\/milthys.fr\/boutique\/"},{"@type":"ListItem","position":3,"name":"Grillo &#8211; Tour du Valat"}]},{"@type":"WebSite","@id":"https:\/\/milthys.fr\/#website","url":"https:\/\/milthys.fr\/","name":"Milthys","description":"Online wine sales","publisher":{"@id":"https:\/\/milthys.fr\/#organization"},"alternateName":"Milthys","potentialAction":[{"@type":"SearchAction","target":{"@type":"EntryPoint","urlTemplate":"https:\/\/milthys.fr\/?s={search_term_string}"},"query-input":{"@type":"PropertyValueSpecification","valueRequired":true,"valueName":"search_term_string"}}],"inLanguage":"en-GB"},{"@type":"Organization","@id":"https:\/\/milthys.fr\/#organization","name":"Milthys","alternateName":"Milthys","url":"https:\/\/milthys.fr\/","logo":{"@type":"ImageObject","inLanguage":"en-GB","@id":"https:\/\/milthys.fr\/#\/schema\/logo\/image\/","url":"https:\/\/milthys.fr\/wp-content\/uploads\/2025\/07\/cropped-LOGO_MILTHYS_.png","contentUrl":"https:\/\/milthys.fr\/wp-content\/uploads\/2025\/07\/cropped-LOGO_MILTHYS_.png","width":450,"height":150,"caption":"Milthys"},"image":{"@id":"https:\/\/milthys.fr\/#\/schema\/logo\/image\/"}}]}},"jetpack_sharing_enabled":true,"_links":{"self":[{"href":"https:\/\/milthys.fr\/en\/wp-json\/wp\/v2\/product\/5981","targetHints":{"allow":["GET"]}}],"collection":[{"href":"https:\/\/milthys.fr\/en\/wp-json\/wp\/v2\/product"}],"about":[{"href":"https:\/\/milthys.fr\/en\/wp-json\/wp\/v2\/types\/product"}],"replies":[{"embeddable":true,"href":"https:\/\/milthys.fr\/en\/wp-json\/wp\/v2\/comments?post=5981"}],"version-history":[{"count":1,"href":"https:\/\/milthys.fr\/en\/wp-json\/wp\/v2\/product\/5981\/revisions"}],"predecessor-version":[{"id":5983,"href":"https:\/\/milthys.fr\/en\/wp-json\/wp\/v2\/product\/5981\/revisions\/5983"}],"wp:featuredmedia":[{"embeddable":true,"href":"https:\/\/milthys.fr\/en\/wp-json\/wp\/v2\/media\/6007"}],"wp:attachment":[{"href":"https:\/\/milthys.fr\/en\/wp-json\/wp\/v2\/media?parent=5981"}],"wp:term":[{"taxonomy":"product_brand","embeddable":true,"href":"https:\/\/milthys.fr\/en\/wp-json\/wp\/v2\/product_brand?post=5981"},{"taxonomy":"product_cat","embeddable":true,"href":"https:\/\/milthys.fr\/en\/wp-json\/wp\/v2\/product_cat?post=5981"},{"taxonomy":"product_tag","embeddable":true,"href":"https:\/\/milthys.fr\/en\/wp-json\/wp\/v2\/product_tag?post=5981"}],"curies":[{"name":"wp","href":"https:\/\/api.w.org\/{rel}","templated":true}]}}