{"id":5978,"date":"2026-02-20T11:49:41","date_gmt":"2026-02-20T10:49:41","guid":{"rendered":"https:\/\/milthys.fr\/?post_type=product&#038;p=5978"},"modified":"2026-03-19T15:21:41","modified_gmt":"2026-03-19T14:21:41","slug":"montilles-tour-du-valat","status":"publish","type":"product","link":"https:\/\/milthys.fr\/en\/product\/montilles-tour-du-valat\/","title":{"rendered":"Montilles &#8211; Tour du Valat"},"content":{"rendered":"<p><span class=\"Apple-converted-space\">\u00a0<\/span>Il accompagne bien charcuteries, viandes grill\u00e9es ou plats m\u00e9diterran\u00e9ens simples.<\/p>\n<p>Avec les fromages, une tomme ou un ch\u00e8vre affin\u00e9 cr\u00e9e un accord gourmand et \u00e9quilibr\u00e9.<\/p>","protected":false},"excerpt":{"rendered":"<p><span class=\"Apple-converted-space\">\u00a0<\/span>Assemblage offrant une robe rubis profond, qui propose un vin rond et fruit\u00e9<span class=\"Apple-converted-space\">\u00a0<\/span><\/p>","protected":false},"featured_media":6005,"comment_status":"open","ping_status":"closed","template":"","meta":[],"product_brand":[],"product_cat":[24,153,88,133,75,74,112,30],"product_tag":[],"class_list":{"0":"post-5978","1":"product","2":"type-product","3":"status-publish","4":"has-post-thumbnail","6":"product_cat-24","7":"product_cat-equilibre","8":"product_cat-fruite","9":"product_cat-languedoc-roussillon","10":"product_cat-marselan","11":"product_cat-merlot","12":"product_cat-rond","13":"product_cat-rouge","15":"first","16":"instock","17":"taxable","18":"shipping-taxable","19":"purchasable","20":"product-type-simple"},"yoast_head":"<!-- This site is optimized with the Yoast SEO plugin v26.4 - https:\/\/yoast.com\/wordpress\/plugins\/seo\/ -->\n<title>Montilles - Tour du Valat - Milthys - Vente de vin en ligne<\/title>\n<meta name=\"description\" content=\"Acheter du Montilles - Tour du Valat | Bouteille de vin en vente sur Milthys.fr | Livraison en France et en UE\" \/>\n<meta name=\"robots\" content=\"index, follow, max-snippet:-1, max-image-preview:large, max-video-preview:-1\" \/>\n<link rel=\"canonical\" href=\"https:\/\/milthys.fr\/en\/product\/montilles-tour-du-valat\/\" \/>\n<meta property=\"og:locale\" content=\"en_GB\" \/>\n<meta property=\"og:type\" content=\"article\" \/>\n<meta property=\"og:title\" content=\"Montilles - Tour du Valat - Milthys - Vente de vin en ligne\" \/>\n<meta property=\"og:description\" content=\"Acheter du Montilles - Tour du Valat | Bouteille de vin en vente sur Milthys.fr | Livraison en France et en UE\" \/>\n<meta property=\"og:url\" content=\"https:\/\/milthys.fr\/en\/product\/montilles-tour-du-valat\/\" \/>\n<meta property=\"og:site_name\" content=\"Milthys\" \/>\n<meta property=\"article:modified_time\" content=\"2026-03-19T14:21:41+00:00\" \/>\n<meta property=\"og:image\" content=\"https:\/\/milthys.fr\/wp-content\/uploads\/2026\/02\/Capture_d_ecran_2026-03-19_a_15.20.25-removebg-preview.png\" \/>\n\t<meta property=\"og:image:width\" content=\"482\" \/>\n\t<meta property=\"og:image:height\" content=\"518\" \/>\n\t<meta property=\"og:image:type\" content=\"image\/png\" \/>\n<meta name=\"twitter:card\" content=\"summary_large_image\" \/>\n<meta name=\"twitter:label1\" content=\"Estimated reading time\" \/>\n\t<meta name=\"twitter:data1\" content=\"1 minute\" \/>\n<script type=\"application\/ld+json\" class=\"yoast-schema-graph\">{\"@context\":\"https:\/\/schema.org\",\"@graph\":[{\"@type\":\"WebPage\",\"@id\":\"https:\/\/milthys.fr\/produit\/montilles-tour-du-valat\/\",\"url\":\"https:\/\/milthys.fr\/produit\/montilles-tour-du-valat\/\",\"name\":\"Montilles - Tour du Valat - Milthys - Vente de vin en ligne\",\"isPartOf\":{\"@id\":\"https:\/\/milthys.fr\/#website\"},\"primaryImageOfPage\":{\"@id\":\"https:\/\/milthys.fr\/produit\/montilles-tour-du-valat\/#primaryimage\"},\"image\":{\"@id\":\"https:\/\/milthys.fr\/produit\/montilles-tour-du-valat\/#primaryimage\"},\"thumbnailUrl\":\"https:\/\/milthys.fr\/wp-content\/uploads\/2026\/02\/Capture_d_ecran_2026-03-19_a_15.20.25-removebg-preview.png\",\"datePublished\":\"2026-02-20T10:49:41+00:00\",\"dateModified\":\"2026-03-19T14:21:41+00:00\",\"description\":\"Acheter du Montilles - Tour du Valat | Bouteille de vin en vente sur Milthys.fr | Livraison en France et en UE\",\"breadcrumb\":{\"@id\":\"https:\/\/milthys.fr\/produit\/montilles-tour-du-valat\/#breadcrumb\"},\"inLanguage\":\"en-GB\",\"potentialAction\":[{\"@type\":\"ReadAction\",\"target\":[\"https:\/\/milthys.fr\/produit\/montilles-tour-du-valat\/\"]}]},{\"@type\":\"ImageObject\",\"inLanguage\":\"en-GB\",\"@id\":\"https:\/\/milthys.fr\/produit\/montilles-tour-du-valat\/#primaryimage\",\"url\":\"https:\/\/milthys.fr\/wp-content\/uploads\/2026\/02\/Capture_d_ecran_2026-03-19_a_15.20.25-removebg-preview.png\",\"contentUrl\":\"https:\/\/milthys.fr\/wp-content\/uploads\/2026\/02\/Capture_d_ecran_2026-03-19_a_15.20.25-removebg-preview.png\",\"width\":482,\"height\":518},{\"@type\":\"BreadcrumbList\",\"@id\":\"https:\/\/milthys.fr\/produit\/montilles-tour-du-valat\/#breadcrumb\",\"itemListElement\":[{\"@type\":\"ListItem\",\"position\":1,\"name\":\"Accueil\",\"item\":\"https:\/\/milthys.fr\/\"},{\"@type\":\"ListItem\",\"position\":2,\"name\":\"Boutique\",\"item\":\"https:\/\/milthys.fr\/boutique\/\"},{\"@type\":\"ListItem\",\"position\":3,\"name\":\"Montilles &#8211; Tour du Valat\"}]},{\"@type\":\"WebSite\",\"@id\":\"https:\/\/milthys.fr\/#website\",\"url\":\"https:\/\/milthys.fr\/\",\"name\":\"Milthys\",\"description\":\"Vente de vin en ligne\",\"publisher\":{\"@id\":\"https:\/\/milthys.fr\/#organization\"},\"alternateName\":\"Milthys\",\"potentialAction\":[{\"@type\":\"SearchAction\",\"target\":{\"@type\":\"EntryPoint\",\"urlTemplate\":\"https:\/\/milthys.fr\/?s={search_term_string}\"},\"query-input\":{\"@type\":\"PropertyValueSpecification\",\"valueRequired\":true,\"valueName\":\"search_term_string\"}}],\"inLanguage\":\"en-GB\"},{\"@type\":\"Organization\",\"@id\":\"https:\/\/milthys.fr\/#organization\",\"name\":\"Milthys\",\"alternateName\":\"Milthys\",\"url\":\"https:\/\/milthys.fr\/\",\"logo\":{\"@type\":\"ImageObject\",\"inLanguage\":\"en-GB\",\"@id\":\"https:\/\/milthys.fr\/#\/schema\/logo\/image\/\",\"url\":\"https:\/\/milthys.fr\/wp-content\/uploads\/2025\/07\/cropped-LOGO_MILTHYS_.png\",\"contentUrl\":\"https:\/\/milthys.fr\/wp-content\/uploads\/2025\/07\/cropped-LOGO_MILTHYS_.png\",\"width\":450,\"height\":150,\"caption\":\"Milthys\"},\"image\":{\"@id\":\"https:\/\/milthys.fr\/#\/schema\/logo\/image\/\"}}]}<\/script>\n<!-- \/ Yoast SEO plugin. -->","yoast_head_json":{"title":"Montilles - Tour du Valat - Milthys - Vente de vin en ligne","description":"Acheter du Montilles - Tour du Valat | Bouteille de vin en vente sur Milthys.fr | Livraison en France et en UE","robots":{"index":"index","follow":"follow","max-snippet":"max-snippet:-1","max-image-preview":"max-image-preview:large","max-video-preview":"max-video-preview:-1"},"canonical":"https:\/\/milthys.fr\/en\/product\/montilles-tour-du-valat\/","og_locale":"en_GB","og_type":"article","og_title":"Montilles - Tour du Valat - Milthys - Vente de vin en ligne","og_description":"Acheter du Montilles - Tour du Valat | Bouteille de vin en vente sur Milthys.fr | Livraison en France et en UE","og_url":"https:\/\/milthys.fr\/en\/product\/montilles-tour-du-valat\/","og_site_name":"Milthys","article_modified_time":"2026-03-19T14:21:41+00:00","og_image":[{"width":482,"height":518,"url":"https:\/\/milthys.fr\/wp-content\/uploads\/2026\/02\/Capture_d_ecran_2026-03-19_a_15.20.25-removebg-preview.png","type":"image\/png"}],"twitter_card":"summary_large_image","twitter_misc":{"Estimated reading time":"1 minute"},"schema":{"@context":"https:\/\/schema.org","@graph":[{"@type":"WebPage","@id":"https:\/\/milthys.fr\/produit\/montilles-tour-du-valat\/","url":"https:\/\/milthys.fr\/produit\/montilles-tour-du-valat\/","name":"Montilles - Tour du Valat - Milthys - Vente de vin en ligne","isPartOf":{"@id":"https:\/\/milthys.fr\/#website"},"primaryImageOfPage":{"@id":"https:\/\/milthys.fr\/produit\/montilles-tour-du-valat\/#primaryimage"},"image":{"@id":"https:\/\/milthys.fr\/produit\/montilles-tour-du-valat\/#primaryimage"},"thumbnailUrl":"https:\/\/milthys.fr\/wp-content\/uploads\/2026\/02\/Capture_d_ecran_2026-03-19_a_15.20.25-removebg-preview.png","datePublished":"2026-02-20T10:49:41+00:00","dateModified":"2026-03-19T14:21:41+00:00","description":"Acheter du Montilles - Tour du Valat | Bouteille de vin en vente sur Milthys.fr | Livraison en France et en UE","breadcrumb":{"@id":"https:\/\/milthys.fr\/produit\/montilles-tour-du-valat\/#breadcrumb"},"inLanguage":"en-GB","potentialAction":[{"@type":"ReadAction","target":["https:\/\/milthys.fr\/produit\/montilles-tour-du-valat\/"]}]},{"@type":"ImageObject","inLanguage":"en-GB","@id":"https:\/\/milthys.fr\/produit\/montilles-tour-du-valat\/#primaryimage","url":"https:\/\/milthys.fr\/wp-content\/uploads\/2026\/02\/Capture_d_ecran_2026-03-19_a_15.20.25-removebg-preview.png","contentUrl":"https:\/\/milthys.fr\/wp-content\/uploads\/2026\/02\/Capture_d_ecran_2026-03-19_a_15.20.25-removebg-preview.png","width":482,"height":518},{"@type":"BreadcrumbList","@id":"https:\/\/milthys.fr\/produit\/montilles-tour-du-valat\/#breadcrumb","itemListElement":[{"@type":"ListItem","position":1,"name":"Accueil","item":"https:\/\/milthys.fr\/"},{"@type":"ListItem","position":2,"name":"Boutique","item":"https:\/\/milthys.fr\/boutique\/"},{"@type":"ListItem","position":3,"name":"Montilles &#8211; Tour du Valat"}]},{"@type":"WebSite","@id":"https:\/\/milthys.fr\/#website","url":"https:\/\/milthys.fr\/","name":"Milthys","description":"Online wine sales","publisher":{"@id":"https:\/\/milthys.fr\/#organization"},"alternateName":"Milthys","potentialAction":[{"@type":"SearchAction","target":{"@type":"EntryPoint","urlTemplate":"https:\/\/milthys.fr\/?s={search_term_string}"},"query-input":{"@type":"PropertyValueSpecification","valueRequired":true,"valueName":"search_term_string"}}],"inLanguage":"en-GB"},{"@type":"Organization","@id":"https:\/\/milthys.fr\/#organization","name":"Milthys","alternateName":"Milthys","url":"https:\/\/milthys.fr\/","logo":{"@type":"ImageObject","inLanguage":"en-GB","@id":"https:\/\/milthys.fr\/#\/schema\/logo\/image\/","url":"https:\/\/milthys.fr\/wp-content\/uploads\/2025\/07\/cropped-LOGO_MILTHYS_.png","contentUrl":"https:\/\/milthys.fr\/wp-content\/uploads\/2025\/07\/cropped-LOGO_MILTHYS_.png","width":450,"height":150,"caption":"Milthys"},"image":{"@id":"https:\/\/milthys.fr\/#\/schema\/logo\/image\/"}}]}},"jetpack_sharing_enabled":true,"_links":{"self":[{"href":"https:\/\/milthys.fr\/en\/wp-json\/wp\/v2\/product\/5978","targetHints":{"allow":["GET"]}}],"collection":[{"href":"https:\/\/milthys.fr\/en\/wp-json\/wp\/v2\/product"}],"about":[{"href":"https:\/\/milthys.fr\/en\/wp-json\/wp\/v2\/types\/product"}],"replies":[{"embeddable":true,"href":"https:\/\/milthys.fr\/en\/wp-json\/wp\/v2\/comments?post=5978"}],"version-history":[{"count":1,"href":"https:\/\/milthys.fr\/en\/wp-json\/wp\/v2\/product\/5978\/revisions"}],"predecessor-version":[{"id":5980,"href":"https:\/\/milthys.fr\/en\/wp-json\/wp\/v2\/product\/5978\/revisions\/5980"}],"wp:featuredmedia":[{"embeddable":true,"href":"https:\/\/milthys.fr\/en\/wp-json\/wp\/v2\/media\/6005"}],"wp:attachment":[{"href":"https:\/\/milthys.fr\/en\/wp-json\/wp\/v2\/media?parent=5978"}],"wp:term":[{"taxonomy":"product_brand","embeddable":true,"href":"https:\/\/milthys.fr\/en\/wp-json\/wp\/v2\/product_brand?post=5978"},{"taxonomy":"product_cat","embeddable":true,"href":"https:\/\/milthys.fr\/en\/wp-json\/wp\/v2\/product_cat?post=5978"},{"taxonomy":"product_tag","embeddable":true,"href":"https:\/\/milthys.fr\/en\/wp-json\/wp\/v2\/product_tag?post=5978"}],"curies":[{"name":"wp","href":"https:\/\/api.w.org\/{rel}","templated":true}]}}