{"id":5958,"date":"2026-02-19T16:21:26","date_gmt":"2026-02-19T15:21:26","guid":{"rendered":"https:\/\/milthys.fr\/?post_type=product&#038;p=5958"},"modified":"2026-02-19T16:23:05","modified_gmt":"2026-02-19T15:23:05","slug":"folle-douce","status":"publish","type":"product","link":"https:\/\/milthys.fr\/en\/product\/folle-douce\/","title":{"rendered":"Folle &#038; Douce &#8211; Ch\u00e2teau de Valcombe"},"content":{"rendered":"<p>Ce vin blanc moelleux se mariera \u00e0 merveille avec un foie gras, ou alors un dessert durant un bon repas convivial.<\/p>","protected":false},"excerpt":{"rendered":"<p><span class=\"a_GcMg font-feature-liga-off font-feature-clig-off font-feature-calt-off text-decoration-none text-strikethrough-none\">Vin blanc moelleux offrant une robe dor\u00e9e avec des reflets or, un nez fruits \u00e0 noyaux (p\u00eache, abricot\u2026) avec une jolie touche exotique. En bouche les ar\u00f4mes de fruits exotiques (ananas, mangue) s\u2019\u00e9panouissent, accompagn\u00e9s d\u2019une nuance citronn\u00e9e; la douceur accompagne d\u00e9licatement le fruit sans le dominer. Finale longue et tr\u00e8s fra\u00eeche, sans lourdeur malgr\u00e9 la douceur.<\/span><\/p>\n<p>&nbsp;<\/p>\n<p>Appellation: Vin de France<\/p>","protected":false},"featured_media":5959,"comment_status":"open","ping_status":"closed","template":"","meta":[],"product_brand":[],"product_cat":[108,32,57,118,106,50,133,77,68,49],"product_tag":[],"class_list":{"0":"post-5958","1":"product","2":"type-product","3":"status-publish","4":"has-post-thumbnail","6":"product_cat-aromatique","7":"product_cat-blanc","8":"product_cat-colombard","9":"product_cat-exotique","10":"product_cat-expressif","11":"product_cat-grenache","12":"product_cat-languedoc-roussillon","13":"product_cat-muscat","14":"product_cat-petit-manseng","15":"product_cat-viognier","17":"first","18":"instock","19":"taxable","20":"shipping-taxable","21":"purchasable","22":"product-type-simple"},"yoast_head":"<!-- This site is optimized with the Yoast SEO plugin v26.4 - https:\/\/yoast.com\/wordpress\/plugins\/seo\/ -->\n<title>Folle &amp; Douce - Ch\u00e2teau de Valcombe - Milthys - Vente de vin en ligne<\/title>\n<meta name=\"description\" content=\"Acheter du Folle &amp; Douce - Ch\u00e2teau de Valcombe | Bouteille de vin en vente sur Milthys.fr | Livraison en France et en UE\" \/>\n<meta name=\"robots\" content=\"index, follow, max-snippet:-1, max-image-preview:large, max-video-preview:-1\" \/>\n<link rel=\"canonical\" href=\"https:\/\/milthys.fr\/en\/product\/folle-douce\/\" \/>\n<meta property=\"og:locale\" content=\"en_GB\" \/>\n<meta property=\"og:type\" content=\"article\" \/>\n<meta property=\"og:title\" content=\"Folle &amp; Douce - Ch\u00e2teau de Valcombe - Milthys - Vente de vin en ligne\" \/>\n<meta property=\"og:description\" content=\"Acheter du Folle &amp; Douce - Ch\u00e2teau de Valcombe | Bouteille de vin en vente sur Milthys.fr | Livraison en France et en UE\" \/>\n<meta property=\"og:url\" content=\"https:\/\/milthys.fr\/en\/product\/folle-douce\/\" \/>\n<meta property=\"og:site_name\" content=\"Milthys\" \/>\n<meta property=\"article:modified_time\" content=\"2026-02-19T15:23:05+00:00\" \/>\n<meta property=\"og:image\" content=\"https:\/\/milthys.fr\/wp-content\/uploads\/2026\/02\/Capture_d_ecran_2026-02-13_a_16.28.51-removebg-preview.png\" \/>\n\t<meta property=\"og:image:width\" content=\"467\" \/>\n\t<meta property=\"og:image:height\" content=\"534\" \/>\n\t<meta property=\"og:image:type\" content=\"image\/png\" \/>\n<meta name=\"twitter:card\" content=\"summary_large_image\" \/>\n<meta name=\"twitter:label1\" content=\"Estimated reading time\" \/>\n\t<meta name=\"twitter:data1\" content=\"1 minute\" \/>\n<script type=\"application\/ld+json\" class=\"yoast-schema-graph\">{\"@context\":\"https:\/\/schema.org\",\"@graph\":[{\"@type\":\"WebPage\",\"@id\":\"https:\/\/milthys.fr\/produit\/folle-douce\/\",\"url\":\"https:\/\/milthys.fr\/produit\/folle-douce\/\",\"name\":\"Folle & Douce - Ch\u00e2teau de Valcombe - Milthys - Vente de vin en ligne\",\"isPartOf\":{\"@id\":\"https:\/\/milthys.fr\/#website\"},\"primaryImageOfPage\":{\"@id\":\"https:\/\/milthys.fr\/produit\/folle-douce\/#primaryimage\"},\"image\":{\"@id\":\"https:\/\/milthys.fr\/produit\/folle-douce\/#primaryimage\"},\"thumbnailUrl\":\"https:\/\/milthys.fr\/wp-content\/uploads\/2026\/02\/Capture_d_ecran_2026-02-13_a_16.28.51-removebg-preview.png\",\"datePublished\":\"2026-02-19T15:21:26+00:00\",\"dateModified\":\"2026-02-19T15:23:05+00:00\",\"description\":\"Acheter du Folle & Douce - Ch\u00e2teau de Valcombe | Bouteille de vin en vente sur Milthys.fr | Livraison en France et en UE\",\"breadcrumb\":{\"@id\":\"https:\/\/milthys.fr\/produit\/folle-douce\/#breadcrumb\"},\"inLanguage\":\"en-GB\",\"potentialAction\":[{\"@type\":\"ReadAction\",\"target\":[\"https:\/\/milthys.fr\/produit\/folle-douce\/\"]}]},{\"@type\":\"ImageObject\",\"inLanguage\":\"en-GB\",\"@id\":\"https:\/\/milthys.fr\/produit\/folle-douce\/#primaryimage\",\"url\":\"https:\/\/milthys.fr\/wp-content\/uploads\/2026\/02\/Capture_d_ecran_2026-02-13_a_16.28.51-removebg-preview.png\",\"contentUrl\":\"https:\/\/milthys.fr\/wp-content\/uploads\/2026\/02\/Capture_d_ecran_2026-02-13_a_16.28.51-removebg-preview.png\",\"width\":467,\"height\":534,\"caption\":\"Folle & douce Valcombe\"},{\"@type\":\"BreadcrumbList\",\"@id\":\"https:\/\/milthys.fr\/produit\/folle-douce\/#breadcrumb\",\"itemListElement\":[{\"@type\":\"ListItem\",\"position\":1,\"name\":\"Accueil\",\"item\":\"https:\/\/milthys.fr\/\"},{\"@type\":\"ListItem\",\"position\":2,\"name\":\"Boutique\",\"item\":\"https:\/\/milthys.fr\/boutique\/\"},{\"@type\":\"ListItem\",\"position\":3,\"name\":\"Folle &#038; Douce &#8211; Ch\u00e2teau de Valcombe\"}]},{\"@type\":\"WebSite\",\"@id\":\"https:\/\/milthys.fr\/#website\",\"url\":\"https:\/\/milthys.fr\/\",\"name\":\"Milthys\",\"description\":\"Vente de vin en ligne\",\"publisher\":{\"@id\":\"https:\/\/milthys.fr\/#organization\"},\"alternateName\":\"Milthys\",\"potentialAction\":[{\"@type\":\"SearchAction\",\"target\":{\"@type\":\"EntryPoint\",\"urlTemplate\":\"https:\/\/milthys.fr\/?s={search_term_string}\"},\"query-input\":{\"@type\":\"PropertyValueSpecification\",\"valueRequired\":true,\"valueName\":\"search_term_string\"}}],\"inLanguage\":\"en-GB\"},{\"@type\":\"Organization\",\"@id\":\"https:\/\/milthys.fr\/#organization\",\"name\":\"Milthys\",\"alternateName\":\"Milthys\",\"url\":\"https:\/\/milthys.fr\/\",\"logo\":{\"@type\":\"ImageObject\",\"inLanguage\":\"en-GB\",\"@id\":\"https:\/\/milthys.fr\/#\/schema\/logo\/image\/\",\"url\":\"https:\/\/milthys.fr\/wp-content\/uploads\/2025\/07\/cropped-LOGO_MILTHYS_.png\",\"contentUrl\":\"https:\/\/milthys.fr\/wp-content\/uploads\/2025\/07\/cropped-LOGO_MILTHYS_.png\",\"width\":450,\"height\":150,\"caption\":\"Milthys\"},\"image\":{\"@id\":\"https:\/\/milthys.fr\/#\/schema\/logo\/image\/\"}}]}<\/script>\n<!-- \/ Yoast SEO plugin. -->","yoast_head_json":{"title":"Folle & Douce - Ch\u00e2teau de Valcombe - Milthys - Vente de vin en ligne","description":"Acheter du Folle & Douce - Ch\u00e2teau de Valcombe | Bouteille de vin en vente sur Milthys.fr | Livraison en France et en UE","robots":{"index":"index","follow":"follow","max-snippet":"max-snippet:-1","max-image-preview":"max-image-preview:large","max-video-preview":"max-video-preview:-1"},"canonical":"https:\/\/milthys.fr\/en\/product\/folle-douce\/","og_locale":"en_GB","og_type":"article","og_title":"Folle & Douce - Ch\u00e2teau de Valcombe - Milthys - Vente de vin en ligne","og_description":"Acheter du Folle & Douce - Ch\u00e2teau de Valcombe | Bouteille de vin en vente sur Milthys.fr | Livraison en France et en UE","og_url":"https:\/\/milthys.fr\/en\/product\/folle-douce\/","og_site_name":"Milthys","article_modified_time":"2026-02-19T15:23:05+00:00","og_image":[{"width":467,"height":534,"url":"https:\/\/milthys.fr\/wp-content\/uploads\/2026\/02\/Capture_d_ecran_2026-02-13_a_16.28.51-removebg-preview.png","type":"image\/png"}],"twitter_card":"summary_large_image","twitter_misc":{"Estimated reading time":"1 minute"},"schema":{"@context":"https:\/\/schema.org","@graph":[{"@type":"WebPage","@id":"https:\/\/milthys.fr\/produit\/folle-douce\/","url":"https:\/\/milthys.fr\/produit\/folle-douce\/","name":"Folle & Douce - Ch\u00e2teau de Valcombe - Milthys - Vente de vin en ligne","isPartOf":{"@id":"https:\/\/milthys.fr\/#website"},"primaryImageOfPage":{"@id":"https:\/\/milthys.fr\/produit\/folle-douce\/#primaryimage"},"image":{"@id":"https:\/\/milthys.fr\/produit\/folle-douce\/#primaryimage"},"thumbnailUrl":"https:\/\/milthys.fr\/wp-content\/uploads\/2026\/02\/Capture_d_ecran_2026-02-13_a_16.28.51-removebg-preview.png","datePublished":"2026-02-19T15:21:26+00:00","dateModified":"2026-02-19T15:23:05+00:00","description":"Acheter du Folle & Douce - Ch\u00e2teau de Valcombe | Bouteille de vin en vente sur Milthys.fr | Livraison en France et en UE","breadcrumb":{"@id":"https:\/\/milthys.fr\/produit\/folle-douce\/#breadcrumb"},"inLanguage":"en-GB","potentialAction":[{"@type":"ReadAction","target":["https:\/\/milthys.fr\/produit\/folle-douce\/"]}]},{"@type":"ImageObject","inLanguage":"en-GB","@id":"https:\/\/milthys.fr\/produit\/folle-douce\/#primaryimage","url":"https:\/\/milthys.fr\/wp-content\/uploads\/2026\/02\/Capture_d_ecran_2026-02-13_a_16.28.51-removebg-preview.png","contentUrl":"https:\/\/milthys.fr\/wp-content\/uploads\/2026\/02\/Capture_d_ecran_2026-02-13_a_16.28.51-removebg-preview.png","width":467,"height":534,"caption":"Folle & douce Valcombe"},{"@type":"BreadcrumbList","@id":"https:\/\/milthys.fr\/produit\/folle-douce\/#breadcrumb","itemListElement":[{"@type":"ListItem","position":1,"name":"Accueil","item":"https:\/\/milthys.fr\/"},{"@type":"ListItem","position":2,"name":"Boutique","item":"https:\/\/milthys.fr\/boutique\/"},{"@type":"ListItem","position":3,"name":"Folle &#038; Douce &#8211; Ch\u00e2teau de Valcombe"}]},{"@type":"WebSite","@id":"https:\/\/milthys.fr\/#website","url":"https:\/\/milthys.fr\/","name":"Milthys","description":"Online wine sales","publisher":{"@id":"https:\/\/milthys.fr\/#organization"},"alternateName":"Milthys","potentialAction":[{"@type":"SearchAction","target":{"@type":"EntryPoint","urlTemplate":"https:\/\/milthys.fr\/?s={search_term_string}"},"query-input":{"@type":"PropertyValueSpecification","valueRequired":true,"valueName":"search_term_string"}}],"inLanguage":"en-GB"},{"@type":"Organization","@id":"https:\/\/milthys.fr\/#organization","name":"Milthys","alternateName":"Milthys","url":"https:\/\/milthys.fr\/","logo":{"@type":"ImageObject","inLanguage":"en-GB","@id":"https:\/\/milthys.fr\/#\/schema\/logo\/image\/","url":"https:\/\/milthys.fr\/wp-content\/uploads\/2025\/07\/cropped-LOGO_MILTHYS_.png","contentUrl":"https:\/\/milthys.fr\/wp-content\/uploads\/2025\/07\/cropped-LOGO_MILTHYS_.png","width":450,"height":150,"caption":"Milthys"},"image":{"@id":"https:\/\/milthys.fr\/#\/schema\/logo\/image\/"}}]}},"jetpack_sharing_enabled":true,"_links":{"self":[{"href":"https:\/\/milthys.fr\/en\/wp-json\/wp\/v2\/product\/5958","targetHints":{"allow":["GET"]}}],"collection":[{"href":"https:\/\/milthys.fr\/en\/wp-json\/wp\/v2\/product"}],"about":[{"href":"https:\/\/milthys.fr\/en\/wp-json\/wp\/v2\/types\/product"}],"replies":[{"embeddable":true,"href":"https:\/\/milthys.fr\/en\/wp-json\/wp\/v2\/comments?post=5958"}],"version-history":[{"count":2,"href":"https:\/\/milthys.fr\/en\/wp-json\/wp\/v2\/product\/5958\/revisions"}],"predecessor-version":[{"id":5962,"href":"https:\/\/milthys.fr\/en\/wp-json\/wp\/v2\/product\/5958\/revisions\/5962"}],"wp:featuredmedia":[{"embeddable":true,"href":"https:\/\/milthys.fr\/en\/wp-json\/wp\/v2\/media\/5959"}],"wp:attachment":[{"href":"https:\/\/milthys.fr\/en\/wp-json\/wp\/v2\/media?parent=5958"}],"wp:term":[{"taxonomy":"product_brand","embeddable":true,"href":"https:\/\/milthys.fr\/en\/wp-json\/wp\/v2\/product_brand?post=5958"},{"taxonomy":"product_cat","embeddable":true,"href":"https:\/\/milthys.fr\/en\/wp-json\/wp\/v2\/product_cat?post=5958"},{"taxonomy":"product_tag","embeddable":true,"href":"https:\/\/milthys.fr\/en\/wp-json\/wp\/v2\/product_tag?post=5958"}],"curies":[{"name":"wp","href":"https:\/\/api.w.org\/{rel}","templated":true}]}}