{"id":5952,"date":"2026-02-12T13:33:33","date_gmt":"2026-02-12T12:33:33","guid":{"rendered":"https:\/\/milthys.fr\/?post_type=product&#038;p=5952"},"modified":"2026-03-19T16:04:16","modified_gmt":"2026-03-19T15:04:16","slug":"sfumato-milthys","status":"publish","type":"product","link":"https:\/\/milthys.fr\/en\/product\/sfumato-milthys\/","title":{"rendered":"Sfumato &#8211; Milthys"},"content":{"rendered":"<p>Laissez vous tenter par cette cuv\u00e9e qui se mariera parfaitement lors de vos ap\u00e9ritifs avec des planches de tapas, de charcuterie ou encore de fromages frais. Elle s&rsquo;adaptera merveilleusement et saura vous s\u00e9duire et convaincre vos proches lors de moments conviviaux.<\/p>","protected":false},"excerpt":{"rendered":"<p>Voici notre cuv\u00e9e, la cuv\u00e9e Sfumato de Milthys \u00e9labor\u00e9e en appellation AOP Camargue, d\u00e9couvrez ce ros\u00e9 avec un nez \u00e9clatant, frais aux notes de fruits rouges croquants et de bonbons, une bouche fruit\u00e9, ronde, \u00e9quilibr\u00e9e et enveloppante tout en proposant une finale min\u00e9rale, saline avec une belle persistance<span class=\"Apple-converted-space\">\u00a0<\/span><\/p>\n<p>&nbsp;<\/p>","protected":false},"featured_media":6010,"comment_status":"open","ping_status":"closed","template":"","meta":[],"product_brand":[],"product_cat":[190,135,46,164,106,98,59,60,41],"product_tag":[],"class_list":{"0":"post-5952","1":"product","2":"type-product","3":"status-publish","4":"has-post-thumbnail","6":"product_cat-190","7":"product_cat-camargue","8":"product_cat-cinsault","9":"product_cat-doux","10":"product_cat-expressif","11":"product_cat-frais","12":"product_cat-grenache-blanc","13":"product_cat-grenache-gris","14":"product_cat-rose-gris","16":"first","17":"instock","18":"taxable","19":"shipping-taxable","20":"purchasable","21":"product-type-simple"},"yoast_head":"<!-- This site is optimized with the Yoast SEO plugin v26.4 - https:\/\/yoast.com\/wordpress\/plugins\/seo\/ -->\n<title>Sfumato - Milthys - Milthys - Vente de vin en ligne<\/title>\n<meta name=\"description\" content=\"Acheter du Sfumato - Milthys | Bouteille de vin en vente sur Milthys.fr | Livraison en France et en UE\" \/>\n<meta name=\"robots\" content=\"index, follow, max-snippet:-1, max-image-preview:large, max-video-preview:-1\" \/>\n<link rel=\"canonical\" href=\"https:\/\/milthys.fr\/en\/product\/sfumato-milthys\/\" \/>\n<meta property=\"og:locale\" content=\"en_GB\" \/>\n<meta property=\"og:type\" content=\"article\" \/>\n<meta property=\"og:title\" content=\"Sfumato - Milthys - Milthys - Vente de vin en ligne\" \/>\n<meta property=\"og:description\" content=\"Acheter du Sfumato - Milthys | Bouteille de vin en vente sur Milthys.fr | Livraison en France et en UE\" \/>\n<meta property=\"og:url\" content=\"https:\/\/milthys.fr\/en\/product\/sfumato-milthys\/\" \/>\n<meta property=\"og:site_name\" content=\"Milthys\" \/>\n<meta property=\"article:modified_time\" content=\"2026-03-19T15:04:16+00:00\" \/>\n<meta property=\"og:image\" content=\"https:\/\/milthys.fr\/wp-content\/uploads\/2026\/02\/Capture_d_ecran_2026-03-19_a_16.02.58-removebg-preview.png\" \/>\n\t<meta property=\"og:image:width\" content=\"482\" \/>\n\t<meta property=\"og:image:height\" content=\"518\" \/>\n\t<meta property=\"og:image:type\" content=\"image\/png\" \/>\n<meta name=\"twitter:card\" content=\"summary_large_image\" \/>\n<meta name=\"twitter:label1\" content=\"Estimated reading time\" \/>\n\t<meta name=\"twitter:data1\" content=\"1 minute\" \/>\n<script type=\"application\/ld+json\" class=\"yoast-schema-graph\">{\"@context\":\"https:\/\/schema.org\",\"@graph\":[{\"@type\":\"WebPage\",\"@id\":\"https:\/\/milthys.fr\/produit\/sfumato-milthys\/\",\"url\":\"https:\/\/milthys.fr\/produit\/sfumato-milthys\/\",\"name\":\"Sfumato - Milthys - Milthys - Vente de vin en ligne\",\"isPartOf\":{\"@id\":\"https:\/\/milthys.fr\/#website\"},\"primaryImageOfPage\":{\"@id\":\"https:\/\/milthys.fr\/produit\/sfumato-milthys\/#primaryimage\"},\"image\":{\"@id\":\"https:\/\/milthys.fr\/produit\/sfumato-milthys\/#primaryimage\"},\"thumbnailUrl\":\"https:\/\/milthys.fr\/wp-content\/uploads\/2026\/02\/Capture_d_ecran_2026-03-19_a_16.02.58-removebg-preview.png\",\"datePublished\":\"2026-02-12T12:33:33+00:00\",\"dateModified\":\"2026-03-19T15:04:16+00:00\",\"description\":\"Acheter du Sfumato - Milthys | Bouteille de vin en vente sur Milthys.fr | Livraison en France et en UE\",\"breadcrumb\":{\"@id\":\"https:\/\/milthys.fr\/produit\/sfumato-milthys\/#breadcrumb\"},\"inLanguage\":\"en-GB\",\"potentialAction\":[{\"@type\":\"ReadAction\",\"target\":[\"https:\/\/milthys.fr\/produit\/sfumato-milthys\/\"]}]},{\"@type\":\"ImageObject\",\"inLanguage\":\"en-GB\",\"@id\":\"https:\/\/milthys.fr\/produit\/sfumato-milthys\/#primaryimage\",\"url\":\"https:\/\/milthys.fr\/wp-content\/uploads\/2026\/02\/Capture_d_ecran_2026-03-19_a_16.02.58-removebg-preview.png\",\"contentUrl\":\"https:\/\/milthys.fr\/wp-content\/uploads\/2026\/02\/Capture_d_ecran_2026-03-19_a_16.02.58-removebg-preview.png\",\"width\":482,\"height\":518,\"caption\":\"Sfumato Milthys ros\u00e9 gris\"},{\"@type\":\"BreadcrumbList\",\"@id\":\"https:\/\/milthys.fr\/produit\/sfumato-milthys\/#breadcrumb\",\"itemListElement\":[{\"@type\":\"ListItem\",\"position\":1,\"name\":\"Accueil\",\"item\":\"https:\/\/milthys.fr\/\"},{\"@type\":\"ListItem\",\"position\":2,\"name\":\"Boutique\",\"item\":\"https:\/\/milthys.fr\/boutique\/\"},{\"@type\":\"ListItem\",\"position\":3,\"name\":\"Sfumato &#8211; Milthys\"}]},{\"@type\":\"WebSite\",\"@id\":\"https:\/\/milthys.fr\/#website\",\"url\":\"https:\/\/milthys.fr\/\",\"name\":\"Milthys\",\"description\":\"Vente de vin en ligne\",\"publisher\":{\"@id\":\"https:\/\/milthys.fr\/#organization\"},\"alternateName\":\"Milthys\",\"potentialAction\":[{\"@type\":\"SearchAction\",\"target\":{\"@type\":\"EntryPoint\",\"urlTemplate\":\"https:\/\/milthys.fr\/?s={search_term_string}\"},\"query-input\":{\"@type\":\"PropertyValueSpecification\",\"valueRequired\":true,\"valueName\":\"search_term_string\"}}],\"inLanguage\":\"en-GB\"},{\"@type\":\"Organization\",\"@id\":\"https:\/\/milthys.fr\/#organization\",\"name\":\"Milthys\",\"alternateName\":\"Milthys\",\"url\":\"https:\/\/milthys.fr\/\",\"logo\":{\"@type\":\"ImageObject\",\"inLanguage\":\"en-GB\",\"@id\":\"https:\/\/milthys.fr\/#\/schema\/logo\/image\/\",\"url\":\"https:\/\/milthys.fr\/wp-content\/uploads\/2025\/07\/cropped-LOGO_MILTHYS_.png\",\"contentUrl\":\"https:\/\/milthys.fr\/wp-content\/uploads\/2025\/07\/cropped-LOGO_MILTHYS_.png\",\"width\":450,\"height\":150,\"caption\":\"Milthys\"},\"image\":{\"@id\":\"https:\/\/milthys.fr\/#\/schema\/logo\/image\/\"}}]}<\/script>\n<!-- \/ Yoast SEO plugin. -->","yoast_head_json":{"title":"Sfumato - Milthys - Milthys - Vente de vin en ligne","description":"Acheter du Sfumato - Milthys | Bouteille de vin en vente sur Milthys.fr | Livraison en France et en UE","robots":{"index":"index","follow":"follow","max-snippet":"max-snippet:-1","max-image-preview":"max-image-preview:large","max-video-preview":"max-video-preview:-1"},"canonical":"https:\/\/milthys.fr\/en\/product\/sfumato-milthys\/","og_locale":"en_GB","og_type":"article","og_title":"Sfumato - Milthys - Milthys - Vente de vin en ligne","og_description":"Acheter du Sfumato - Milthys | Bouteille de vin en vente sur Milthys.fr | Livraison en France et en UE","og_url":"https:\/\/milthys.fr\/en\/product\/sfumato-milthys\/","og_site_name":"Milthys","article_modified_time":"2026-03-19T15:04:16+00:00","og_image":[{"width":482,"height":518,"url":"https:\/\/milthys.fr\/wp-content\/uploads\/2026\/02\/Capture_d_ecran_2026-03-19_a_16.02.58-removebg-preview.png","type":"image\/png"}],"twitter_card":"summary_large_image","twitter_misc":{"Estimated reading time":"1 minute"},"schema":{"@context":"https:\/\/schema.org","@graph":[{"@type":"WebPage","@id":"https:\/\/milthys.fr\/produit\/sfumato-milthys\/","url":"https:\/\/milthys.fr\/produit\/sfumato-milthys\/","name":"Sfumato - Milthys - Milthys - Vente de vin en ligne","isPartOf":{"@id":"https:\/\/milthys.fr\/#website"},"primaryImageOfPage":{"@id":"https:\/\/milthys.fr\/produit\/sfumato-milthys\/#primaryimage"},"image":{"@id":"https:\/\/milthys.fr\/produit\/sfumato-milthys\/#primaryimage"},"thumbnailUrl":"https:\/\/milthys.fr\/wp-content\/uploads\/2026\/02\/Capture_d_ecran_2026-03-19_a_16.02.58-removebg-preview.png","datePublished":"2026-02-12T12:33:33+00:00","dateModified":"2026-03-19T15:04:16+00:00","description":"Acheter du Sfumato - Milthys | Bouteille de vin en vente sur Milthys.fr | Livraison en France et en UE","breadcrumb":{"@id":"https:\/\/milthys.fr\/produit\/sfumato-milthys\/#breadcrumb"},"inLanguage":"en-GB","potentialAction":[{"@type":"ReadAction","target":["https:\/\/milthys.fr\/produit\/sfumato-milthys\/"]}]},{"@type":"ImageObject","inLanguage":"en-GB","@id":"https:\/\/milthys.fr\/produit\/sfumato-milthys\/#primaryimage","url":"https:\/\/milthys.fr\/wp-content\/uploads\/2026\/02\/Capture_d_ecran_2026-03-19_a_16.02.58-removebg-preview.png","contentUrl":"https:\/\/milthys.fr\/wp-content\/uploads\/2026\/02\/Capture_d_ecran_2026-03-19_a_16.02.58-removebg-preview.png","width":482,"height":518,"caption":"Sfumato Milthys ros\u00e9 gris"},{"@type":"BreadcrumbList","@id":"https:\/\/milthys.fr\/produit\/sfumato-milthys\/#breadcrumb","itemListElement":[{"@type":"ListItem","position":1,"name":"Accueil","item":"https:\/\/milthys.fr\/"},{"@type":"ListItem","position":2,"name":"Boutique","item":"https:\/\/milthys.fr\/boutique\/"},{"@type":"ListItem","position":3,"name":"Sfumato &#8211; Milthys"}]},{"@type":"WebSite","@id":"https:\/\/milthys.fr\/#website","url":"https:\/\/milthys.fr\/","name":"Milthys","description":"Online wine sales","publisher":{"@id":"https:\/\/milthys.fr\/#organization"},"alternateName":"Milthys","potentialAction":[{"@type":"SearchAction","target":{"@type":"EntryPoint","urlTemplate":"https:\/\/milthys.fr\/?s={search_term_string}"},"query-input":{"@type":"PropertyValueSpecification","valueRequired":true,"valueName":"search_term_string"}}],"inLanguage":"en-GB"},{"@type":"Organization","@id":"https:\/\/milthys.fr\/#organization","name":"Milthys","alternateName":"Milthys","url":"https:\/\/milthys.fr\/","logo":{"@type":"ImageObject","inLanguage":"en-GB","@id":"https:\/\/milthys.fr\/#\/schema\/logo\/image\/","url":"https:\/\/milthys.fr\/wp-content\/uploads\/2025\/07\/cropped-LOGO_MILTHYS_.png","contentUrl":"https:\/\/milthys.fr\/wp-content\/uploads\/2025\/07\/cropped-LOGO_MILTHYS_.png","width":450,"height":150,"caption":"Milthys"},"image":{"@id":"https:\/\/milthys.fr\/#\/schema\/logo\/image\/"}}]}},"jetpack_sharing_enabled":true,"_links":{"self":[{"href":"https:\/\/milthys.fr\/en\/wp-json\/wp\/v2\/product\/5952","targetHints":{"allow":["GET"]}}],"collection":[{"href":"https:\/\/milthys.fr\/en\/wp-json\/wp\/v2\/product"}],"about":[{"href":"https:\/\/milthys.fr\/en\/wp-json\/wp\/v2\/types\/product"}],"replies":[{"embeddable":true,"href":"https:\/\/milthys.fr\/en\/wp-json\/wp\/v2\/comments?post=5952"}],"version-history":[{"count":1,"href":"https:\/\/milthys.fr\/en\/wp-json\/wp\/v2\/product\/5952\/revisions"}],"predecessor-version":[{"id":5955,"href":"https:\/\/milthys.fr\/en\/wp-json\/wp\/v2\/product\/5952\/revisions\/5955"}],"wp:featuredmedia":[{"embeddable":true,"href":"https:\/\/milthys.fr\/en\/wp-json\/wp\/v2\/media\/6010"}],"wp:attachment":[{"href":"https:\/\/milthys.fr\/en\/wp-json\/wp\/v2\/media?parent=5952"}],"wp:term":[{"taxonomy":"product_brand","embeddable":true,"href":"https:\/\/milthys.fr\/en\/wp-json\/wp\/v2\/product_brand?post=5952"},{"taxonomy":"product_cat","embeddable":true,"href":"https:\/\/milthys.fr\/en\/wp-json\/wp\/v2\/product_cat?post=5952"},{"taxonomy":"product_tag","embeddable":true,"href":"https:\/\/milthys.fr\/en\/wp-json\/wp\/v2\/product_tag?post=5952"}],"curies":[{"name":"wp","href":"https:\/\/api.w.org\/{rel}","templated":true}]}}